{"id":31,"date":"2022-01-14T17:17:55","date_gmt":"2022-01-14T22:17:55","guid":{"rendered":"https:\/\/impomacar.com\/?page_id=31"},"modified":"2025-10-17T16:30:11","modified_gmt":"2025-10-17T21:30:11","slug":"impomacar","status":"publish","type":"page","link":"https:\/\/impomacar.com\/","title":{"rendered":"Tenemos todo lo que necesita tu veh\u00edculo, con m\u00e1s de 10 a\u00f1os de experiencia y presencia en m\u00e1s de 160 ciudades del Ecuador."},"content":{"rendered":"\n<p class=\"impomacar_landing_title has-text-align-center has-medium-font-size\">\u00c1mplia gama en <strong>L\u00c1MINAS DE SEGURIDAD<\/strong> de multicapas y monocapas con diferentes calibres a tu elecci\u00f3n.<\/p>\n\n\n\n<div class=\"wp-block-columns is-layout-flex wp-container-core-columns-is-layout-9d6595d7 wp-block-columns-is-layout-flex\">\n<div class=\"wp-block-column is-layout-flow wp-block-column-is-layout-flow\">\n<figure class=\"is-style-default wp-block-image size-full\"><img data-recalc-dims=\"1\" decoding=\"async\" width=\"600\" height=\"731\" loading=\"lazy\" src=\"https:\/\/i0.wp.com\/impomacar.com\/wp-content\/uploads\/2022\/01\/gravity-window-film-banner-840x1024-1.jpg?resize=600%2C731&#038;ssl=1\" alt=\"\" class=\"wp-image-17\" srcset=\"https:\/\/i0.wp.com\/impomacar.com\/wp-content\/uploads\/2022\/01\/gravity-window-film-banner-840x1024-1.jpg?w=840&amp;ssl=1 840w, https:\/\/i0.wp.com\/impomacar.com\/wp-content\/uploads\/2022\/01\/gravity-window-film-banner-840x1024-1.jpg?resize=246%2C300&amp;ssl=1 246w, https:\/\/i0.wp.com\/impomacar.com\/wp-content\/uploads\/2022\/01\/gravity-window-film-banner-840x1024-1.jpg?resize=768%2C936&amp;ssl=1 768w\" sizes=\"auto, (max-width: 600px) 100vw, 600px\" \/><figcaption class=\"wp-element-caption\">Disponible en tonos transl\u00facidos y carb\u00f3n.<\/figcaption><\/figure>\n<\/div>\n\n\n\n<div class=\"wp-block-column is-layout-flow wp-block-column-is-layout-flow\">\n<figure class=\"wp-block-image size-full\"><img data-recalc-dims=\"1\" decoding=\"async\" width=\"600\" height=\"731\" loading=\"lazy\" src=\"https:\/\/i0.wp.com\/impomacar.com\/wp-content\/uploads\/2022\/02\/gravity_car_audio_spirit.png?resize=600%2C731&#038;ssl=1\" alt=\"\" class=\"wp-image-258\" srcset=\"https:\/\/i0.wp.com\/impomacar.com\/wp-content\/uploads\/2022\/02\/gravity_car_audio_spirit.png?w=840&amp;ssl=1 840w, https:\/\/i0.wp.com\/impomacar.com\/wp-content\/uploads\/2022\/02\/gravity_car_audio_spirit.png?resize=246%2C300&amp;ssl=1 246w, https:\/\/i0.wp.com\/impomacar.com\/wp-content\/uploads\/2022\/02\/gravity_car_audio_spirit.png?resize=768%2C936&amp;ssl=1 768w, https:\/\/i0.wp.com\/impomacar.com\/wp-content\/uploads\/2022\/02\/gravity_car_audio_spirit.png?resize=600%2C731&amp;ssl=1 600w\" sizes=\"auto, (max-width: 600px) 100vw, 600px\" \/><figcaption class=\"wp-element-caption\"><strong>El mejor audio para tu auto<\/strong><br>Parlantes, radios con excelente sonido y potencia.<\/figcaption><\/figure>\n<\/div>\n\n\n\n<div class=\"wp-block-column is-layout-flow wp-block-column-is-layout-flow\">\n<figure class=\"wp-block-image size-full\"><img data-recalc-dims=\"1\" decoding=\"async\" width=\"600\" height=\"731\" loading=\"lazy\" src=\"https:\/\/i0.wp.com\/impomacar.com\/wp-content\/uploads\/2022\/01\/Banner-2.jpg?resize=600%2C731&#038;ssl=1\" alt=\"\" class=\"wp-image-168\" srcset=\"https:\/\/i0.wp.com\/impomacar.com\/wp-content\/uploads\/2022\/01\/Banner-2.jpg?w=840&amp;ssl=1 840w, https:\/\/i0.wp.com\/impomacar.com\/wp-content\/uploads\/2022\/01\/Banner-2.jpg?resize=246%2C300&amp;ssl=1 246w, https:\/\/i0.wp.com\/impomacar.com\/wp-content\/uploads\/2022\/01\/Banner-2.jpg?resize=768%2C936&amp;ssl=1 768w, https:\/\/i0.wp.com\/impomacar.com\/wp-content\/uploads\/2022\/01\/Banner-2.jpg?resize=600%2C731&amp;ssl=1 600w\" sizes=\"auto, (max-width: 600px) 100vw, 600px\" \/><figcaption class=\"wp-element-caption\"><strong>Laminas de Seguridad<\/strong><br>Disponible en tonos transl\u00facidos y carb\u00f3n. <br><a href=\"https:\/\/impomacar.com\/FICHA_TECNICA_GRAVITY.pdf\">Ver especificaciones t\u00e9cnicas<\/a><\/figcaption><\/figure>\n<\/div>\n<\/div>\n\n\n\n<div class=\"wp-block-columns is-layout-flex wp-container-core-columns-is-layout-9d6595d7 wp-block-columns-is-layout-flex\">\n<div class=\"wp-block-column is-layout-flow wp-block-column-is-layout-flow\">\n<figure class=\"is-style-default wp-block-image size-full\"><img data-recalc-dims=\"1\" decoding=\"async\" width=\"600\" height=\"800\" loading=\"lazy\" src=\"https:\/\/i0.wp.com\/impomacar.com\/wp-content\/uploads\/2022\/01\/Banner-2_DLAA.png?resize=600%2C800&#038;ssl=1\" alt=\"\" class=\"wp-image-217\" srcset=\"https:\/\/i0.wp.com\/impomacar.com\/wp-content\/uploads\/2022\/01\/Banner-2_DLAA.png?w=600&amp;ssl=1 600w, https:\/\/i0.wp.com\/impomacar.com\/wp-content\/uploads\/2022\/01\/Banner-2_DLAA.png?resize=225%2C300&amp;ssl=1 225w\" sizes=\"auto, (max-width: 600px) 100vw, 600px\" \/><figcaption class=\"wp-element-caption\"><strong>Luces hal\u00f3genas<\/strong><br>Para todo tipo de veh\u00edculos<\/figcaption><\/figure>\n<\/div>\n\n\n\n<div class=\"wp-block-column is-layout-flow wp-block-column-is-layout-flow\">\n<figure class=\"is-style-default wp-block-image size-full\"><img data-recalc-dims=\"1\" decoding=\"async\" width=\"600\" height=\"800\" loading=\"lazy\" src=\"https:\/\/i0.wp.com\/impomacar.com\/wp-content\/uploads\/2022\/02\/Banner-Lona-camioneta.png?resize=600%2C800&#038;ssl=1\" alt=\"\" class=\"wp-image-239\" srcset=\"https:\/\/i0.wp.com\/impomacar.com\/wp-content\/uploads\/2022\/02\/Banner-Lona-camioneta.png?w=600&amp;ssl=1 600w, https:\/\/i0.wp.com\/impomacar.com\/wp-content\/uploads\/2022\/02\/Banner-Lona-camioneta.png?resize=225%2C300&amp;ssl=1 225w\" sizes=\"auto, (max-width: 600px) 100vw, 600px\" \/><figcaption class=\"wp-element-caption\"><strong>Lonas para camionetas<\/strong><\/figcaption><\/figure>\n<\/div>\n\n\n\n<div class=\"wp-block-column is-layout-flow wp-block-column-is-layout-flow\">\n<figure class=\"is-style-default wp-block-image size-full\"><img data-recalc-dims=\"1\" decoding=\"async\" width=\"600\" height=\"800\" loading=\"lazy\" src=\"https:\/\/i0.wp.com\/impomacar.com\/wp-content\/uploads\/2022\/02\/Banner-2_ACRacing-collage.png?resize=600%2C800&#038;ssl=1\" alt=\"\" class=\"wp-image-263\" srcset=\"https:\/\/i0.wp.com\/impomacar.com\/wp-content\/uploads\/2022\/02\/Banner-2_ACRacing-collage.png?w=600&amp;ssl=1 600w, https:\/\/i0.wp.com\/impomacar.com\/wp-content\/uploads\/2022\/02\/Banner-2_ACRacing-collage.png?resize=225%2C300&amp;ssl=1 225w\" sizes=\"auto, (max-width: 600px) 100vw, 600px\" \/><figcaption class=\"wp-element-caption\"><strong>Accesorios exclusivos<\/strong><\/figcaption><\/figure>\n<\/div>\n<\/div>\n\n\n\n<h2 class=\"wp-block-heading has-text-align-center\" id=\"contacto\">Contacto<\/h2>\n\n\n\n<div class=\"wp-block-columns is-layout-flex wp-container-core-columns-is-layout-9d6595d7 wp-block-columns-is-layout-flex\">\n<div class=\"wp-block-column is-vertically-aligned-top is-layout-flow wp-block-column-is-layout-flow\" style=\"flex-basis:100%\">\n<div class=\"wp-block-group\"><div class=\"wp-block-group__inner-container is-layout-flow wp-block-group-is-layout-flow\">\n<div class=\"wp-block-columns is-layout-flex wp-container-core-columns-is-layout-9d6595d7 wp-block-columns-is-layout-flex\">\n<div class=\"wp-block-column is-layout-flow wp-block-column-is-layout-flow\" style=\"flex-basis:100%\">\n<div class=\"wp-block-group\"><div class=\"wp-block-group__inner-container is-layout-flow wp-block-group-is-layout-flow\"><div class=\"wpforms-container wpforms-container-full contact_form wpforms-block wpforms-block-c55ca50c-8137-42a3-8b23-6fd6734b90a3\" id=\"wpforms-16\"><form id=\"wpforms-form-16\" class=\"wpforms-validate wpforms-form wpforms-ajax-form\" data-formid=\"16\" method=\"post\" enctype=\"multipart\/form-data\" action=\"\/index.php?rest_route=%2Fwp%2Fv2%2Fpages%2F31\" data-token=\"678e70e550418fd3178e2437d44b31c1\" data-token-time=\"1776527457\"><noscript class=\"wpforms-error-noscript\">Por favor, activa JavaScript en tu navegador para completar este formulario.<\/noscript><div class=\"wpforms-field-container\"><div id=\"wpforms-16-field_0-container\" class=\"wpforms-field wpforms-field-name\" data-field-id=\"0\"><label class=\"wpforms-field-label\" for=\"wpforms-16-field_0\">Nombre completo <span class=\"wpforms-required-label\">*<\/span><\/label><input type=\"text\" id=\"wpforms-16-field_0\" class=\"wpforms-field-medium wpforms-field-required\" name=\"wpforms[fields][0]\" required><\/div><div id=\"wpforms-16-field_6-container\" class=\"wpforms-field wpforms-field-name\" data-field-id=\"6\"><label class=\"wpforms-field-label\" for=\"wpforms-16-field_6\">Nombre Almac\u00e9n <span class=\"wpforms-required-label\">*<\/span><\/label><input type=\"text\" id=\"wpforms-16-field_6\" class=\"wpforms-field-medium wpforms-field-required\" name=\"wpforms[fields][6]\" required><\/div><div id=\"wpforms-16-field_1-container\" class=\"wpforms-field wpforms-field-email\" data-field-id=\"1\"><label class=\"wpforms-field-label\" for=\"wpforms-16-field_1\">Email <span class=\"wpforms-required-label\">*<\/span><\/label><input type=\"email\" id=\"wpforms-16-field_1\" class=\"wpforms-field-medium wpforms-field-required\" name=\"wpforms[fields][1]\" spellcheck=\"false\" required><\/div><div id=\"wpforms-16-field_4-container\" class=\"wpforms-field wpforms-field-number\" data-field-id=\"4\"><label class=\"wpforms-field-label\" for=\"wpforms-16-field_4\">Tel\u00e9fono<\/label><input type=\"number\" id=\"wpforms-16-field_4\" class=\"wpforms-field-medium\" name=\"wpforms[fields][4]\" step=\"any\" ><\/div><div id=\"wpforms-16-field_5-container\" class=\"wpforms-field wpforms-field-text\" data-field-id=\"5\"><label class=\"wpforms-field-label\" for=\"wpforms-16-field_5\">Ciudad<\/label><input type=\"text\" id=\"wpforms-16-field_5\" class=\"wpforms-field-medium\" name=\"wpforms[fields][5]\" ><\/div><\/div><!-- .wpforms-field-container --><div class=\"wpforms-submit-container\" ><input type=\"hidden\" name=\"wpforms[id]\" value=\"16\"><input type=\"hidden\" name=\"page_title\" value=\"\"><input type=\"hidden\" name=\"page_url\" value=\"https:\/\/impomacar.com\/index.php?rest_route=\/wp\/v2\/pages\/31\"><input type=\"hidden\" name=\"url_referer\" value=\"\"><button type=\"submit\" name=\"wpforms[submit]\" id=\"wpforms-submit-16\" class=\"wpforms-submit\" data-alt-text=\"Enviando...\" data-submit-text=\"Enviar\" aria-live=\"assertive\" value=\"wpforms-submit\">Enviar<\/button><img decoding=\"async\" loading=\"lazy\" src=\"https:\/\/impomacar.com\/wp-content\/plugins\/wpforms-lite\/assets\/images\/submit-spin.svg\" class=\"wpforms-submit-spinner\" style=\"display: none;\" width=\"26\" height=\"26\" alt=\"Cargando\"><\/div><\/form><\/div>  <!-- .wpforms-container --><\/div><\/div>\n<\/div>\n<\/div>\n<\/div><\/div>\n<\/div>\n<\/div>\n\n\n\n<p class=\"has-text-align-center has-x-large-font-size\"><strong>&#8211; Nuestras Marcas &#8211;<\/strong><\/p>\n\n\n\n<div class=\"wp-block-columns is-layout-flex wp-container-core-columns-is-layout-9d6595d7 wp-block-columns-is-layout-flex\">\n<div class=\"wp-block-column is-vertically-aligned-center is-layout-flow wp-block-column-is-layout-flow\"><div class=\"wp-block-image is-style-default\">\n<figure class=\"aligncenter size-medium\"><img data-recalc-dims=\"1\" decoding=\"async\" width=\"300\" height=\"61\" loading=\"lazy\" src=\"https:\/\/i0.wp.com\/impomacar.com\/wp-content\/uploads\/2022\/01\/gravity-window-1.png?resize=300%2C61&#038;ssl=1\" alt=\"\" class=\"wp-image-233\" srcset=\"https:\/\/i0.wp.com\/impomacar.com\/wp-content\/uploads\/2022\/01\/gravity-window-1.png?resize=300%2C61&amp;ssl=1 300w, https:\/\/i0.wp.com\/impomacar.com\/wp-content\/uploads\/2022\/01\/gravity-window-1.png?w=415&amp;ssl=1 415w\" sizes=\"auto, (max-width: 300px) 100vw, 300px\" \/><\/figure>\n<\/div><\/div>\n\n\n\n<div class=\"wp-block-column is-vertically-aligned-center is-layout-flow wp-block-column-is-layout-flow\"><div class=\"wp-block-image is-style-default\">\n<figure class=\"aligncenter size-medium\"><img data-recalc-dims=\"1\" decoding=\"async\" width=\"300\" height=\"52\" loading=\"lazy\" src=\"https:\/\/i0.wp.com\/impomacar.com\/wp-content\/uploads\/2022\/01\/gravity-car.png?resize=300%2C52&#038;ssl=1\" alt=\"\" class=\"wp-image-226\" srcset=\"https:\/\/i0.wp.com\/impomacar.com\/wp-content\/uploads\/2022\/01\/gravity-car.png?resize=300%2C52&amp;ssl=1 300w, https:\/\/i0.wp.com\/impomacar.com\/wp-content\/uploads\/2022\/01\/gravity-car.png?resize=600%2C103&amp;ssl=1 600w, https:\/\/i0.wp.com\/impomacar.com\/wp-content\/uploads\/2022\/01\/gravity-car.png?w=768&amp;ssl=1 768w\" sizes=\"auto, (max-width: 300px) 100vw, 300px\" \/><\/figure>\n<\/div><\/div>\n\n\n\n<div class=\"wp-block-column is-vertically-aligned-center is-layout-flow wp-block-column-is-layout-flow\"><div class=\"wp-block-image is-style-default\">\n<figure class=\"aligncenter size-medium\"><img data-recalc-dims=\"1\" decoding=\"async\" width=\"300\" height=\"97\" loading=\"lazy\" src=\"https:\/\/i0.wp.com\/impomacar.com\/wp-content\/uploads\/2022\/01\/ac-racing-1.png?resize=300%2C97&#038;ssl=1\" alt=\"\" class=\"wp-image-236\" srcset=\"https:\/\/i0.wp.com\/impomacar.com\/wp-content\/uploads\/2022\/01\/ac-racing-1.png?resize=300%2C97&amp;ssl=1 300w, https:\/\/i0.wp.com\/impomacar.com\/wp-content\/uploads\/2022\/01\/ac-racing-1.png?w=441&amp;ssl=1 441w\" sizes=\"auto, (max-width: 300px) 100vw, 300px\" \/><\/figure>\n<\/div><\/div>\n\n\n\n<div class=\"wp-block-column is-vertically-aligned-center is-layout-flow wp-block-column-is-layout-flow\"><div class=\"wp-block-image is-style-default\">\n<figure class=\"aligncenter size-medium\"><img data-recalc-dims=\"1\" decoding=\"async\" width=\"300\" height=\"87\" loading=\"lazy\" src=\"https:\/\/i0.wp.com\/impomacar.com\/wp-content\/uploads\/2022\/01\/agt4x4.png?resize=300%2C87&#038;ssl=1\" alt=\"\" class=\"wp-image-228\" srcset=\"https:\/\/i0.wp.com\/impomacar.com\/wp-content\/uploads\/2022\/01\/agt4x4.png?resize=300%2C87&amp;ssl=1 300w, https:\/\/i0.wp.com\/impomacar.com\/wp-content\/uploads\/2022\/01\/agt4x4.png?w=453&amp;ssl=1 453w\" sizes=\"auto, (max-width: 300px) 100vw, 300px\" \/><\/figure>\n<\/div><\/div>\n<\/div>\n\n\n\n<div class=\"wp-block-columns is-layout-flex wp-container-core-columns-is-layout-9d6595d7 wp-block-columns-is-layout-flex\">\n<div class=\"wp-block-column is-layout-flow wp-block-column-is-layout-flow\"><div class=\"wp-block-image is-style-default\">\n<figure class=\"aligncenter size-medium\"><img data-recalc-dims=\"1\" decoding=\"async\" width=\"300\" height=\"146\" loading=\"lazy\" src=\"https:\/\/i0.wp.com\/impomacar.com\/wp-content\/uploads\/2022\/01\/gladius.png?resize=300%2C146&#038;ssl=1\" alt=\"\" class=\"wp-image-229\" srcset=\"https:\/\/i0.wp.com\/impomacar.com\/wp-content\/uploads\/2022\/01\/gladius.png?resize=300%2C146&amp;ssl=1 300w, https:\/\/i0.wp.com\/impomacar.com\/wp-content\/uploads\/2022\/01\/gladius.png?w=587&amp;ssl=1 587w\" sizes=\"auto, (max-width: 300px) 100vw, 300px\" \/><\/figure>\n<\/div><\/div>\n\n\n\n<div class=\"wp-block-column is-vertically-aligned-center is-layout-flow wp-block-column-is-layout-flow\"><div class=\"wp-block-image is-style-default\">\n<figure class=\"aligncenter size-medium\"><img data-recalc-dims=\"1\" decoding=\"async\" width=\"300\" height=\"38\" loading=\"lazy\" src=\"https:\/\/i0.wp.com\/impomacar.com\/wp-content\/uploads\/2022\/01\/kyoungdong.png?resize=300%2C38&#038;ssl=1\" alt=\"\" class=\"wp-image-230\" srcset=\"https:\/\/i0.wp.com\/impomacar.com\/wp-content\/uploads\/2022\/01\/kyoungdong.png?resize=300%2C38&amp;ssl=1 300w, https:\/\/i0.wp.com\/impomacar.com\/wp-content\/uploads\/2022\/01\/kyoungdong.png?w=453&amp;ssl=1 453w\" sizes=\"auto, (max-width: 300px) 100vw, 300px\" \/><\/figure>\n<\/div><\/div>\n\n\n\n<div class=\"wp-block-column is-layout-flow wp-block-column-is-layout-flow\"><div class=\"wp-block-image is-style-default\">\n<figure class=\"aligncenter size-medium\"><img data-recalc-dims=\"1\" decoding=\"async\" width=\"300\" height=\"187\" loading=\"lazy\" src=\"https:\/\/i0.wp.com\/impomacar.com\/wp-content\/uploads\/2022\/01\/senic.png?resize=300%2C187&#038;ssl=1\" alt=\"\" class=\"wp-image-231\" srcset=\"https:\/\/i0.wp.com\/impomacar.com\/wp-content\/uploads\/2022\/01\/senic.png?resize=300%2C187&amp;ssl=1 300w, https:\/\/i0.wp.com\/impomacar.com\/wp-content\/uploads\/2022\/01\/senic.png?resize=600%2C373&amp;ssl=1 600w, https:\/\/i0.wp.com\/impomacar.com\/wp-content\/uploads\/2022\/01\/senic.png?w=617&amp;ssl=1 617w\" sizes=\"auto, (max-width: 300px) 100vw, 300px\" \/><\/figure>\n<\/div><\/div>\n<\/div>\n\n\n\n<div class=\"wp-block-jetpack-send-a-message\">\n<div class=\".whatsapp_button wp-block-jetpack-whatsapp-button alignright is-color-dark has-no-text\"><a class=\"whatsapp-block__button\" href=\"https:\/\/api.whatsapp.com\/send?phone=593997254063&amp;text=Hola%2C%20me%20gustar%C3%ADa%20recibir%20informaci%C3%B3n%20sobre%20los%20productos%20de%20IMPOMACAR.\" style=\"background-color:#25D366;color:#fff\" target=\"_self\" rel=\"noopener noreferrer\"><\/a><\/div>\n<\/div>\n","protected":false},"excerpt":{"rendered":"<p>\u00c1mplia gama en L\u00c1MINAS DE SEGURIDAD de multicapas y monocapas con diferentes calibres a tu elecci\u00f3n. Contacto &#8211; Nuestras Marcas &#8211;<\/p>\n","protected":false},"author":1,"featured_media":0,"parent":0,"menu_order":0,"comment_status":"closed","ping_status":"closed","template":"fullwidth.php","meta":{"nf_dc_page":"","om_disable_all_campaigns":false,"_monsterinsights_skip_tracking":false,"_monsterinsights_sitenote_active":false,"_monsterinsights_sitenote_note":"","_monsterinsights_sitenote_category":0,"footnotes":""},"class_list":["post-31","page","type-page","status-publish","hentry"],"yoast_head":"<!-- This site is optimized with the Yoast SEO plugin v22.7 - https:\/\/yoast.com\/wordpress\/plugins\/seo\/ -->\n<title>IMPOMACAR - IMPORTADORES Y DISTRIBUIDORES DE ACCESORIOS PARA VEHICULOS<\/title>\n<meta name=\"description\" content=\"Accesorios de veh\u00edculos, laminas de seguridad, luces de hal\u00f3geno, equipos de sonido, marcas importadas con calidad de Estados Unidos. - Gravity car audio - Gravity laminas\u00a0de\u00a0seguridad - Gravity window film - Gladius alarmas -\" \/>\n<meta name=\"robots\" content=\"index, follow, max-snippet:-1, max-image-preview:large, max-video-preview:-1\" \/>\n<link rel=\"canonical\" href=\"https:\/\/impomacar.com\/\" \/>\n<meta property=\"og:locale\" content=\"es_ES\" \/>\n<meta property=\"og:type\" content=\"article\" \/>\n<meta property=\"og:title\" content=\"IMPOMACAR - IMPORTADORES Y DISTRIBUIDORES DE ACCESORIOS PARA VEHICULOS\" \/>\n<meta property=\"og:description\" content=\"Accesorios de veh\u00edculos, laminas de seguridad, luces de hal\u00f3geno, equipos de sonido, marcas importadas con calidad de Estados Unidos. - Gravity car audio - Gravity laminas\u00a0de\u00a0seguridad - Gravity window film - Gladius alarmas -\" \/>\n<meta property=\"og:url\" content=\"https:\/\/impomacar.com\/\" \/>\n<meta property=\"og:site_name\" content=\"IMPORTADORES Y DISTRIBUIDORES DE ACCESORIOS PARA VEHICULOS\" \/>\n<meta property=\"article:modified_time\" content=\"2025-10-17T21:30:11+00:00\" \/>\n<meta property=\"og:image\" content=\"https:\/\/impomacar.com\/wp-content\/uploads\/2022\/01\/gravity-window-film-banner-840x1024-1.jpg\" \/>\n<meta name=\"twitter:card\" content=\"summary_large_image\" \/>\n<meta name=\"twitter:label1\" content=\"Tiempo de lectura\" \/>\n\t<meta name=\"twitter:data1\" content=\"3 minutos\" \/>\n<script type=\"application\/ld+json\" class=\"yoast-schema-graph\">{\"@context\":\"https:\/\/schema.org\",\"@graph\":[{\"@type\":\"WebPage\",\"@id\":\"https:\/\/impomacar.com\/\",\"url\":\"https:\/\/impomacar.com\/\",\"name\":\"IMPOMACAR - IMPORTADORES Y DISTRIBUIDORES DE ACCESORIOS PARA VEHICULOS\",\"isPartOf\":{\"@id\":\"https:\/\/impomacar.com\/#website\"},\"primaryImageOfPage\":{\"@id\":\"https:\/\/impomacar.com\/#primaryimage\"},\"image\":{\"@id\":\"https:\/\/impomacar.com\/#primaryimage\"},\"thumbnailUrl\":\"https:\/\/impomacar.com\/wp-content\/uploads\/2022\/01\/gravity-window-film-banner-840x1024-1.jpg\",\"datePublished\":\"2022-01-14T22:17:55+00:00\",\"dateModified\":\"2025-10-17T21:30:11+00:00\",\"description\":\"Accesorios de veh\u00edculos, laminas de seguridad, luces de hal\u00f3geno, equipos de sonido, marcas importadas con calidad de Estados Unidos. - Gravity car audio - Gravity laminas\u00a0de\u00a0seguridad - Gravity window film - Gladius alarmas -\",\"inLanguage\":\"es\",\"potentialAction\":[{\"@type\":\"ReadAction\",\"target\":[\"https:\/\/impomacar.com\/\"]}]},{\"@type\":\"ImageObject\",\"inLanguage\":\"es\",\"@id\":\"https:\/\/impomacar.com\/#primaryimage\",\"url\":\"https:\/\/i0.wp.com\/impomacar.com\/wp-content\/uploads\/2022\/01\/gravity-window-film-banner-840x1024-1.jpg?fit=840%2C1024&ssl=1\",\"contentUrl\":\"https:\/\/i0.wp.com\/impomacar.com\/wp-content\/uploads\/2022\/01\/gravity-window-film-banner-840x1024-1.jpg?fit=840%2C1024&ssl=1\",\"width\":840,\"height\":1024,\"caption\":\"Disponible en tonos transl\u00facidos y carb\u00f3n.\"},{\"@type\":\"WebSite\",\"@id\":\"https:\/\/impomacar.com\/#website\",\"url\":\"https:\/\/impomacar.com\/\",\"name\":\"IMPORTADORES Y DISTRIBUIDORES DE ACCESORIOS PARA VEHICULOS\",\"description\":\"\",\"publisher\":{\"@id\":\"https:\/\/impomacar.com\/#organization\"},\"potentialAction\":[{\"@type\":\"SearchAction\",\"target\":{\"@type\":\"EntryPoint\",\"urlTemplate\":\"https:\/\/impomacar.com\/?s={search_term_string}\"},\"query-input\":\"required name=search_term_string\"}],\"inLanguage\":\"es\"},{\"@type\":\"Organization\",\"@id\":\"https:\/\/impomacar.com\/#organization\",\"name\":\"IMPORTADORES Y DISTRIBUIDORES DE ACCESORIOS PARA VEHICULOS\",\"url\":\"https:\/\/impomacar.com\/\",\"logo\":{\"@type\":\"ImageObject\",\"inLanguage\":\"es\",\"@id\":\"https:\/\/impomacar.com\/#\/schema\/logo\/image\/\",\"url\":\"https:\/\/i0.wp.com\/impomacar.com\/wp-content\/uploads\/2022\/01\/cropped-favicon-1.png?fit=512%2C512&ssl=1\",\"contentUrl\":\"https:\/\/i0.wp.com\/impomacar.com\/wp-content\/uploads\/2022\/01\/cropped-favicon-1.png?fit=512%2C512&ssl=1\",\"width\":512,\"height\":512,\"caption\":\"IMPORTADORES Y DISTRIBUIDORES DE ACCESORIOS PARA VEHICULOS\"},\"image\":{\"@id\":\"https:\/\/impomacar.com\/#\/schema\/logo\/image\/\"}}]}<\/script>\n<!-- \/ Yoast SEO plugin. -->","yoast_head_json":{"title":"IMPOMACAR - IMPORTADORES Y DISTRIBUIDORES DE ACCESORIOS PARA VEHICULOS","description":"Accesorios de veh\u00edculos, laminas de seguridad, luces de hal\u00f3geno, equipos de sonido, marcas importadas con calidad de Estados Unidos. - Gravity car audio - Gravity laminas\u00a0de\u00a0seguridad - Gravity window film - Gladius alarmas -","robots":{"index":"index","follow":"follow","max-snippet":"max-snippet:-1","max-image-preview":"max-image-preview:large","max-video-preview":"max-video-preview:-1"},"canonical":"https:\/\/impomacar.com\/","og_locale":"es_ES","og_type":"article","og_title":"IMPOMACAR - IMPORTADORES Y DISTRIBUIDORES DE ACCESORIOS PARA VEHICULOS","og_description":"Accesorios de veh\u00edculos, laminas de seguridad, luces de hal\u00f3geno, equipos de sonido, marcas importadas con calidad de Estados Unidos. - Gravity car audio - Gravity laminas\u00a0de\u00a0seguridad - Gravity window film - Gladius alarmas -","og_url":"https:\/\/impomacar.com\/","og_site_name":"IMPORTADORES Y DISTRIBUIDORES DE ACCESORIOS PARA VEHICULOS","article_modified_time":"2025-10-17T21:30:11+00:00","og_image":[{"url":"https:\/\/impomacar.com\/wp-content\/uploads\/2022\/01\/gravity-window-film-banner-840x1024-1.jpg"}],"twitter_card":"summary_large_image","twitter_misc":{"Tiempo de lectura":"3 minutos"},"schema":{"@context":"https:\/\/schema.org","@graph":[{"@type":"WebPage","@id":"https:\/\/impomacar.com\/","url":"https:\/\/impomacar.com\/","name":"IMPOMACAR - IMPORTADORES Y DISTRIBUIDORES DE ACCESORIOS PARA VEHICULOS","isPartOf":{"@id":"https:\/\/impomacar.com\/#website"},"primaryImageOfPage":{"@id":"https:\/\/impomacar.com\/#primaryimage"},"image":{"@id":"https:\/\/impomacar.com\/#primaryimage"},"thumbnailUrl":"https:\/\/impomacar.com\/wp-content\/uploads\/2022\/01\/gravity-window-film-banner-840x1024-1.jpg","datePublished":"2022-01-14T22:17:55+00:00","dateModified":"2025-10-17T21:30:11+00:00","description":"Accesorios de veh\u00edculos, laminas de seguridad, luces de hal\u00f3geno, equipos de sonido, marcas importadas con calidad de Estados Unidos. - Gravity car audio - Gravity laminas\u00a0de\u00a0seguridad - Gravity window film - Gladius alarmas -","inLanguage":"es","potentialAction":[{"@type":"ReadAction","target":["https:\/\/impomacar.com\/"]}]},{"@type":"ImageObject","inLanguage":"es","@id":"https:\/\/impomacar.com\/#primaryimage","url":"https:\/\/i0.wp.com\/impomacar.com\/wp-content\/uploads\/2022\/01\/gravity-window-film-banner-840x1024-1.jpg?fit=840%2C1024&ssl=1","contentUrl":"https:\/\/i0.wp.com\/impomacar.com\/wp-content\/uploads\/2022\/01\/gravity-window-film-banner-840x1024-1.jpg?fit=840%2C1024&ssl=1","width":840,"height":1024,"caption":"Disponible en tonos transl\u00facidos y carb\u00f3n."},{"@type":"WebSite","@id":"https:\/\/impomacar.com\/#website","url":"https:\/\/impomacar.com\/","name":"IMPORTADORES Y DISTRIBUIDORES DE ACCESORIOS PARA VEHICULOS","description":"","publisher":{"@id":"https:\/\/impomacar.com\/#organization"},"potentialAction":[{"@type":"SearchAction","target":{"@type":"EntryPoint","urlTemplate":"https:\/\/impomacar.com\/?s={search_term_string}"},"query-input":"required name=search_term_string"}],"inLanguage":"es"},{"@type":"Organization","@id":"https:\/\/impomacar.com\/#organization","name":"IMPORTADORES Y DISTRIBUIDORES DE ACCESORIOS PARA VEHICULOS","url":"https:\/\/impomacar.com\/","logo":{"@type":"ImageObject","inLanguage":"es","@id":"https:\/\/impomacar.com\/#\/schema\/logo\/image\/","url":"https:\/\/i0.wp.com\/impomacar.com\/wp-content\/uploads\/2022\/01\/cropped-favicon-1.png?fit=512%2C512&ssl=1","contentUrl":"https:\/\/i0.wp.com\/impomacar.com\/wp-content\/uploads\/2022\/01\/cropped-favicon-1.png?fit=512%2C512&ssl=1","width":512,"height":512,"caption":"IMPORTADORES Y DISTRIBUIDORES DE ACCESORIOS PARA VEHICULOS"},"image":{"@id":"https:\/\/impomacar.com\/#\/schema\/logo\/image\/"}}]}},"jetpack_sharing_enabled":true,"_links":{"self":[{"href":"https:\/\/impomacar.com\/index.php?rest_route=\/wp\/v2\/pages\/31","targetHints":{"allow":["GET"]}}],"collection":[{"href":"https:\/\/impomacar.com\/index.php?rest_route=\/wp\/v2\/pages"}],"about":[{"href":"https:\/\/impomacar.com\/index.php?rest_route=\/wp\/v2\/types\/page"}],"author":[{"embeddable":true,"href":"https:\/\/impomacar.com\/index.php?rest_route=\/wp\/v2\/users\/1"}],"replies":[{"embeddable":true,"href":"https:\/\/impomacar.com\/index.php?rest_route=%2Fwp%2Fv2%2Fcomments&post=31"}],"version-history":[{"count":4,"href":"https:\/\/impomacar.com\/index.php?rest_route=\/wp\/v2\/pages\/31\/revisions"}],"predecessor-version":[{"id":310,"href":"https:\/\/impomacar.com\/index.php?rest_route=\/wp\/v2\/pages\/31\/revisions\/310"}],"wp:attachment":[{"href":"https:\/\/impomacar.com\/index.php?rest_route=%2Fwp%2Fv2%2Fmedia&parent=31"}],"curies":[{"name":"wp","href":"https:\/\/api.w.org\/{rel}","templated":true}]}}